{"id":59,"date":"2013-12-11T15:26:55","date_gmt":"2013-12-11T13:26:55","guid":{"rendered":"http:\/\/www.fanfarenzug-hohenems.at\/wordpress\/?page_id=59"},"modified":"2018-03-21T11:20:06","modified_gmt":"2018-03-21T09:20:06","slug":"musikstuecke","status":"publish","type":"page","link":"https:\/\/www.fanfarenzug-hohenems.at\/?page_id=59","title":{"rendered":"Musikst\u00fccke"},"content":{"rendered":"<table border=\"0\" width=\"64%\" cellspacing=\"0\" cellpadding=\"0\">\n<tbody>\n<tr>\n<td align=\"center\" valign=\"top\" width=\"25%\">\n<h3 style=\"color: blue;\">M\u00e4rsche<\/h3>\n<\/td>\n<td align=\"center\" width=\"50%\">\n<p align=\"center\"><span style=\"font-size: large;\">Fu\u00dfmarsch<br \/>\n1. Marsch<br \/>\n2. Marsch<br \/>\n3. Marsch<br \/>\n4. Marsch (Goswin)<br \/>\n<\/span><\/p>\n<\/td>\n<\/tr>\n<tr>\n<td align=\"center\" valign=\"top\" width=\"25%\">\n<h3 style=\"color: blue;\">B\u00fchnenst\u00fccke<\/h3>\n<\/td>\n<td align=\"center\" width=\"50%\">\n<p align=\"center\"><span style=\"font-size: large;\">Ab in den S\u00fcden<br \/>\nBanana Song<br \/>\n<a href=\"https:\/\/www.youtube.com\/watch?v=wvb-CHecarc\" target=\"_blank\" rel=\"noopener\">Barbara Ann<\/a> *<br \/>\nCha Cha Cha<br \/>\nFreedom (David)<br \/>\nHey Song (Hey)<br \/>\nHooray<br \/>\nJ\u00e4germeister<br \/>\nKannibale<br \/>\nRivers<br \/>\nRock Around The Clock<br \/>\nRock You<br \/>\nSchatzi<br \/>\nSunny<br \/>\nWalking On Sunshine<br \/>\nWavin&#8216; Flag<br \/>\nWhatever You Want<br \/>\nYellow submarine<br \/>\nEx&#8217;s &amp; Oh&#8217;s<\/span><\/p>\n<\/td>\n<\/tr>\n<\/tbody>\n<\/table>\n","protected":false},"excerpt":{"rendered":"<p>M\u00e4rsche Fu\u00dfmarsch 1. Marsch 2. Marsch 3. Marsch 4. Marsch (Goswin) B\u00fchnenst\u00fccke Ab in den S\u00fcden Banana Song Barbara Ann * Cha Cha Cha Freedom (David) Hey Song (Hey) Hooray J\u00e4germeister Kannibale Rivers Rock Around The Clock Rock You Schatzi Sunny Walking On Sunshine Wavin&#8216; Flag Whatever You Want Yellow submarine Ex&#8217;s &amp; Oh&#8217;s<\/p>\n","protected":false},"author":2,"featured_media":0,"parent":0,"menu_order":0,"comment_status":"closed","ping_status":"closed","template":"","meta":{"footnotes":""},"class_list":["post-59","page","type-page","status-publish","hentry"],"_links":{"self":[{"href":"https:\/\/www.fanfarenzug-hohenems.at\/index.php?rest_route=\/wp\/v2\/pages\/59","targetHints":{"allow":["GET"]}}],"collection":[{"href":"https:\/\/www.fanfarenzug-hohenems.at\/index.php?rest_route=\/wp\/v2\/pages"}],"about":[{"href":"https:\/\/www.fanfarenzug-hohenems.at\/index.php?rest_route=\/wp\/v2\/types\/page"}],"author":[{"embeddable":true,"href":"https:\/\/www.fanfarenzug-hohenems.at\/index.php?rest_route=\/wp\/v2\/users\/2"}],"replies":[{"embeddable":true,"href":"https:\/\/www.fanfarenzug-hohenems.at\/index.php?rest_route=%2Fwp%2Fv2%2Fcomments&post=59"}],"version-history":[{"count":14,"href":"https:\/\/www.fanfarenzug-hohenems.at\/index.php?rest_route=\/wp\/v2\/pages\/59\/revisions"}],"predecessor-version":[{"id":1075,"href":"https:\/\/www.fanfarenzug-hohenems.at\/index.php?rest_route=\/wp\/v2\/pages\/59\/revisions\/1075"}],"wp:attachment":[{"href":"https:\/\/www.fanfarenzug-hohenems.at\/index.php?rest_route=%2Fwp%2Fv2%2Fmedia&parent=59"}],"curies":[{"name":"wp","href":"https:\/\/api.w.org\/{rel}","templated":true}]}}