{"id":56,"date":"2013-12-11T15:22:04","date_gmt":"2013-12-11T13:22:04","guid":{"rendered":"http:\/\/www.fanfarenzug-hohenems.at\/wordpress\/?page_id=56"},"modified":"2024-12-11T12:34:52","modified_gmt":"2024-12-11T10:34:52","slug":"mitmachen","status":"publish","type":"page","link":"https:\/\/www.fanfarenzug-hohenems.at\/?page_id=56","title":{"rendered":"Mitmachen!"},"content":{"rendered":"<p>Hast du Spa\u00df am Fasching und machst gerne Musik &#8230; oder w\u00fcrdest gerne Musik machen?<br \/>\nWir suchen neue Mitglieder und w\u00fcrden uns freuen, dich bei uns zu haben! Musikalische Vorkenntnisse sind nicht notwendig. Diese k\u00f6nnen erlernt werden.<\/p>\n<p>Einmal pro Woche (Donnerstag) wird geprobt im Probelokal in Hohenems-Herrenried, das auch gut mit dem Zug erreichbar ist. Im Fasching wird bewusst darauf verzichtet, \u00fcberall dabeizusein, damit auch Freunde und Familie in dieser Zeit nicht zu kurz kommen. Wichtig ist der Spa\u00df und das gesellige Miteinander. Interessierte melden sich bitte unter fanfarenzug.hohenems@gmx.at<\/p>\n<p><strong><a href=\"mailto:fanfarenzug.hohenems@gmx.at\"> &gt;&gt; Kontakt &lt;&lt; <\/a><\/strong><\/p>\n","protected":false},"excerpt":{"rendered":"<p>Hast du Spa\u00df am Fasching und machst gerne Musik &#8230; oder w\u00fcrdest gerne Musik machen? Wir suchen neue Mitglieder und w\u00fcrden uns freuen, dich bei uns zu haben! Musikalische Vorkenntnisse sind nicht notwendig. Diese k\u00f6nnen erlernt werden. Einmal pro Woche (Donnerstag) wird geprobt im Probelokal in Hohenems-Herrenried, das auch gut mit dem Zug erreichbar ist. &hellip; <\/p>\n<p class=\"link-more\"><a href=\"https:\/\/www.fanfarenzug-hohenems.at\/?page_id=56\" class=\"more-link\"><span class=\"screen-reader-text\">\u201eMitmachen!\u201c<\/span> weiterlesen<\/a><\/p>\n","protected":false},"author":2,"featured_media":1548,"parent":0,"menu_order":6,"comment_status":"closed","ping_status":"closed","template":"","meta":{"footnotes":""},"class_list":["post-56","page","type-page","status-publish","has-post-thumbnail","hentry"],"_links":{"self":[{"href":"https:\/\/www.fanfarenzug-hohenems.at\/index.php?rest_route=\/wp\/v2\/pages\/56","targetHints":{"allow":["GET"]}}],"collection":[{"href":"https:\/\/www.fanfarenzug-hohenems.at\/index.php?rest_route=\/wp\/v2\/pages"}],"about":[{"href":"https:\/\/www.fanfarenzug-hohenems.at\/index.php?rest_route=\/wp\/v2\/types\/page"}],"author":[{"embeddable":true,"href":"https:\/\/www.fanfarenzug-hohenems.at\/index.php?rest_route=\/wp\/v2\/users\/2"}],"replies":[{"embeddable":true,"href":"https:\/\/www.fanfarenzug-hohenems.at\/index.php?rest_route=%2Fwp%2Fv2%2Fcomments&post=56"}],"version-history":[{"count":12,"href":"https:\/\/www.fanfarenzug-hohenems.at\/index.php?rest_route=\/wp\/v2\/pages\/56\/revisions"}],"predecessor-version":[{"id":1521,"href":"https:\/\/www.fanfarenzug-hohenems.at\/index.php?rest_route=\/wp\/v2\/pages\/56\/revisions\/1521"}],"wp:featuredmedia":[{"embeddable":true,"href":"https:\/\/www.fanfarenzug-hohenems.at\/index.php?rest_route=\/wp\/v2\/media\/1548"}],"wp:attachment":[{"href":"https:\/\/www.fanfarenzug-hohenems.at\/index.php?rest_route=%2Fwp%2Fv2%2Fmedia&parent=56"}],"curies":[{"name":"wp","href":"https:\/\/api.w.org\/{rel}","templated":true}]}}