{"id":17,"date":"2013-12-11T09:54:09","date_gmt":"2013-12-11T07:54:09","guid":{"rendered":"http:\/\/www.fanfarenzug-hohenems.at\/wordpress\/?page_id=17"},"modified":"2026-03-09T11:26:06","modified_gmt":"2026-03-09T09:26:06","slug":"infos","status":"publish","type":"page","link":"https:\/\/www.fanfarenzug-hohenems.at\/?page_id=17","title":{"rendered":"Auftritte\/Termine"},"content":{"rendered":"\n<h3 class=\"wp-block-heading has-text-align-left has-vivid-cyan-blue-color has-text-color has-link-color wp-elements-2468f4de9ac46e0a973b98e79a33b291\">2025\/2026<br><\/h3>\n\n\n\n<p>Die Faschingssaison 2025\/2026 ist schon wieder vorbei.<br>Umso mehr freuen wir uns auf die n\u00e4chste Saison.<\/p>\n\n\n\n<p><br>Bei uns wird bis zur Sommerpause jeden 2. Donnerstag geprobt bis es dann im Herbst auch wieder mit den w\u00f6chentlichen Proben beginnt.<\/p>\n\n\n\n<p>Wer sich eine unserer Proben anschauen m\u00f6chte, ist herzlichst eingeladen auf ein zwei Getr\u00e4nke vorbei zu kommen und mit uns einen gem\u00fctlichen Abend zu verbringen.<\/p>\n\n\n\n<figure class=\"wp-block-image size-full is-resized\"><img loading=\"lazy\" decoding=\"async\" width=\"1038\" height=\"822\" src=\"https:\/\/www.fanfarenzug-hohenems.at\/wp-content\/uploads\/Bildschirmfoto-2026-03-09-um-10.23.30.png\" alt=\"\" class=\"wp-image-1633\" style=\"width:313px;height:auto\" srcset=\"https:\/\/www.fanfarenzug-hohenems.at\/wp-content\/uploads\/Bildschirmfoto-2026-03-09-um-10.23.30.png 1038w, https:\/\/www.fanfarenzug-hohenems.at\/wp-content\/uploads\/Bildschirmfoto-2026-03-09-um-10.23.30-300x238.png 300w, https:\/\/www.fanfarenzug-hohenems.at\/wp-content\/uploads\/Bildschirmfoto-2026-03-09-um-10.23.30-150x119.png 150w, https:\/\/www.fanfarenzug-hohenems.at\/wp-content\/uploads\/Bildschirmfoto-2026-03-09-um-10.23.30-768x608.png 768w\" sizes=\"auto, (max-width: 767px) 89vw, (max-width: 1000px) 54vw, (max-width: 1071px) 543px, 580px\" \/><\/figure>\n\n\n\n<p><\/p>\n\n\n\n<p>Die 5. Jahreszeit hat begonnen.<br>Deshalb freuen wir uns auf die anstehenden Umz\u00fcge.<\/p>\n\n\n\n<p>zu sehen sind wir am<\/p>\n\n\n\n<ul class=\"wp-block-list\">\n<li>11.01.2026 beim Landesnarrentag in Hard<\/li>\n\n\n\n<li>18.01.2026 in Fu\u00dfach<\/li>\n\n\n\n<li>07.02.2026 Macht\u00fcbernahme in Hohenems <\/li>\n\n\n\n<li>08.02.2026 in Hohenems<\/li>\n\n\n\n<li>14.02.2026 in G\u00f6tzis<\/li>\n\n\n\n<li>15.02.2026 Lustenau<\/li>\n<\/ul>\n\n\n\n<p>Weitere Veranstaltung ist unser zweiter Kinderfasching am 16.01.2026 im Pfarrheim Herrenried in Hohenems.<\/p>\n\n\n\n<p><\/p>\n\n\n\n<p>Wir freuen uns auf eine tolle Faschingssaison 2025\/2026<\/p>\n\n\n\n<p>mit einem dreifachen Duri-Duri &#8211; Duri ohh!<\/p>\n\n\n\n<p><\/p>\n\n\n\n<p>Bis dahin <br>ein dreifaches Duri-Duri &#8211; Duri ohh!<\/p>\n","protected":false},"excerpt":{"rendered":"<p>2025\/2026 Die Faschingssaison 2025\/2026 ist schon wieder vorbei.Umso mehr freuen wir uns auf die n\u00e4chste Saison. Bei uns wird bis zur Sommerpause jeden 2. Donnerstag geprobt bis es dann im Herbst auch wieder mit den w\u00f6chentlichen Proben beginnt. Wer sich eine unserer Proben anschauen m\u00f6chte, ist herzlichst eingeladen auf ein zwei Getr\u00e4nke vorbei zu kommen &hellip; <\/p>\n<p class=\"link-more\"><a href=\"https:\/\/www.fanfarenzug-hohenems.at\/?page_id=17\" class=\"more-link\"><span class=\"screen-reader-text\">\u201eAuftritte\/Termine\u201c<\/span> weiterlesen<\/a><\/p>\n","protected":false},"author":2,"featured_media":0,"parent":0,"menu_order":1,"comment_status":"closed","ping_status":"closed","template":"","meta":{"footnotes":""},"class_list":["post-17","page","type-page","status-publish","hentry"],"_links":{"self":[{"href":"https:\/\/www.fanfarenzug-hohenems.at\/index.php?rest_route=\/wp\/v2\/pages\/17","targetHints":{"allow":["GET"]}}],"collection":[{"href":"https:\/\/www.fanfarenzug-hohenems.at\/index.php?rest_route=\/wp\/v2\/pages"}],"about":[{"href":"https:\/\/www.fanfarenzug-hohenems.at\/index.php?rest_route=\/wp\/v2\/types\/page"}],"author":[{"embeddable":true,"href":"https:\/\/www.fanfarenzug-hohenems.at\/index.php?rest_route=\/wp\/v2\/users\/2"}],"replies":[{"embeddable":true,"href":"https:\/\/www.fanfarenzug-hohenems.at\/index.php?rest_route=%2Fwp%2Fv2%2Fcomments&post=17"}],"version-history":[{"count":64,"href":"https:\/\/www.fanfarenzug-hohenems.at\/index.php?rest_route=\/wp\/v2\/pages\/17\/revisions"}],"predecessor-version":[{"id":1634,"href":"https:\/\/www.fanfarenzug-hohenems.at\/index.php?rest_route=\/wp\/v2\/pages\/17\/revisions\/1634"}],"wp:attachment":[{"href":"https:\/\/www.fanfarenzug-hohenems.at\/index.php?rest_route=%2Fwp%2Fv2%2Fmedia&parent=17"}],"curies":[{"name":"wp","href":"https:\/\/api.w.org\/{rel}","templated":true}]}}