{"id":1017,"date":"2018-03-20T17:35:28","date_gmt":"2018-03-20T15:35:28","guid":{"rendered":"http:\/\/www.fanfarenzug-hohenems.at\/?page_id=1017"},"modified":"2024-12-10T09:26:22","modified_gmt":"2024-12-10T07:26:22","slug":"enstehungsgeschichte","status":"publish","type":"page","link":"https:\/\/www.fanfarenzug-hohenems.at\/?page_id=1017","title":{"rendered":"Entstehungsgeschichte"},"content":{"rendered":"<h3>Entstehungsgeschichte des Fanfarenzug Hohenems<\/h3>\n<p>Goswin Benzer und Sepp Geiselmayr hatten bereits 1972 die Idee,\u00a0f\u00fcr die Gr\u00fcndung der Faschingszunft Herrenried-Buch. Nach einiger Zeit waren dann 11 gleichgesinnte Freunde gefunden, die bereit waren das Faschingsgeschehen in Hohenems zu bereichern.<br \/>\nDie Gleichgesinnten trafen sich zu vielen n\u00e4chtlichen Sitzungen im Cafe Witzigmann, bis die Gr\u00fcndung perfekt war. So konnten sie sich erstmals im Fasching 1973 in der Turnhalle zu einem Gruppenfoto aufstellen.<\/p>\n<p>Am 7. Juli 1973 wurde mit viel Eifer das erste Sommerfest der Zunft Herrenried-Buch organisiert. Die Zunft pr\u00e4sentiere sich erstmals der \u00d6ffentlichkeit. Der Festabend war ein toller Erfolg bis in die fr\u00fchen Morgenstunden.<br \/>\nDer finanzielle Erfolg dieses Festes sollte nicht ohne Folgen bleiben, war es doch die finanzielle Basis der Gr\u00fcndung des Fanfarenzuges.<\/p>\n<p>Die Gr\u00fcndungsversammlung fand am 14.11.1973 im Cafe Witzigmann statt.<br \/>\nMit dem Reinerl\u00f6s des Festes wurde eine Anzahlung der erforderlichen Instrumente gemacht. Den Fehlbetrag mussten die Mitglieder selber bezahlen. Das erste Probelokal befand sich im Keller der Kirche St.Konrad, das von unserem Pfarrer Martin F\u00e4ssler spontant zur Verf\u00fcgung gestellt wurde.<\/p>\n<\/p>\n<p>Bereits am 26.11.73 wurde das erste Mal geprobt.<br \/>\nUnter der Leitung von Goswin Benzer haben:<br \/>\nJosef Eberle (Fanfaren)<br \/>\nHermann Rist (Trommeln) und<br \/>\nAnneliese Drexel (Tambourmayorin)<br \/>\ndas Einstudieren der ersten Musikst\u00fccken begonnen.<\/p>\n<p>Der erste Faschingsumzug des Fanfarenzuges und der Zunft war am 17.02.1974 in Hohenems.<br \/>\nMit viel Beifall wurde die neue Zunft begr\u00fcsst. Das erste Kaffeekr\u00e4nzchen mit anschliessendem Zunftball wurde im Cafe Witzigmann veranstaltet.<\/p>\n<p>&#8230;<\/p>\n","protected":false},"excerpt":{"rendered":"<p>Entstehungsgeschichte des Fanfarenzug Hohenems Goswin Benzer und Sepp Geiselmayr hatten bereits 1972 die Idee,\u00a0f\u00fcr die Gr\u00fcndung der Faschingszunft Herrenried-Buch. Nach einiger Zeit waren dann 11 gleichgesinnte Freunde gefunden, die bereit waren das Faschingsgeschehen in Hohenems zu bereichern. Die Gleichgesinnten trafen sich zu vielen n\u00e4chtlichen Sitzungen im Cafe Witzigmann, bis die Gr\u00fcndung perfekt war. So konnten &hellip; <\/p>\n<p class=\"link-more\"><a href=\"https:\/\/www.fanfarenzug-hohenems.at\/?page_id=1017\" class=\"more-link\"><span class=\"screen-reader-text\">\u201eEntstehungsgeschichte\u201c<\/span> weiterlesen<\/a><\/p>\n","protected":false},"author":2,"featured_media":0,"parent":0,"menu_order":0,"comment_status":"closed","ping_status":"closed","template":"","meta":{"footnotes":""},"class_list":["post-1017","page","type-page","status-publish","hentry"],"_links":{"self":[{"href":"https:\/\/www.fanfarenzug-hohenems.at\/index.php?rest_route=\/wp\/v2\/pages\/1017","targetHints":{"allow":["GET"]}}],"collection":[{"href":"https:\/\/www.fanfarenzug-hohenems.at\/index.php?rest_route=\/wp\/v2\/pages"}],"about":[{"href":"https:\/\/www.fanfarenzug-hohenems.at\/index.php?rest_route=\/wp\/v2\/types\/page"}],"author":[{"embeddable":true,"href":"https:\/\/www.fanfarenzug-hohenems.at\/index.php?rest_route=\/wp\/v2\/users\/2"}],"replies":[{"embeddable":true,"href":"https:\/\/www.fanfarenzug-hohenems.at\/index.php?rest_route=%2Fwp%2Fv2%2Fcomments&post=1017"}],"version-history":[{"count":3,"href":"https:\/\/www.fanfarenzug-hohenems.at\/index.php?rest_route=\/wp\/v2\/pages\/1017\/revisions"}],"predecessor-version":[{"id":1543,"href":"https:\/\/www.fanfarenzug-hohenems.at\/index.php?rest_route=\/wp\/v2\/pages\/1017\/revisions\/1543"}],"wp:attachment":[{"href":"https:\/\/www.fanfarenzug-hohenems.at\/index.php?rest_route=%2Fwp%2Fv2%2Fmedia&parent=1017"}],"curies":[{"name":"wp","href":"https:\/\/api.w.org\/{rel}","templated":true}]}}